{"id":14,"date":"2021-07-23T08:20:13","date_gmt":"2021-07-23T08:20:13","guid":{"rendered":"https:\/\/www.sanacos.ch\/datenschutzerklaerung\/"},"modified":"2025-08-24T18:37:10","modified_gmt":"2025-08-24T16:37:10","slug":"informativa-sulla-privacy","status":"publish","type":"page","link":"https:\/\/www.sanacos.ch\/it\/informativa-sulla-privacy\/","title":{"rendered":"Informativa sulla Privacy"},"content":{"rendered":"\n<h4 class=\"wp-block-heading\"><strong>1. Raccolta, trattamento e utilizzo dei dati personali<\/strong><\/h4>\n\n\n\n<p>Durante la visita a questo sito web non raccogliamo alcun dato personale. I dati personali vengono raccolti solo se ci vengono forniti direttamente tramite il modulo di contatto. Tali dati vengono utilizzati esclusivamente per rispondere alla richiesta e successivamente cancellati.<\/p>\n\n\n\n<h4 class=\"wp-block-heading\"><strong>2. Utilizzo di cookie propri<\/strong><\/h4>\n\n\n\n<p>Quando si accede a determinate pagine, viene impostato un cosiddetto \u201ccookie di sessione\u201d. Si tratta di un piccolo file di testo che viene automaticamente cancellato dal computer alla fine della sessione del browser. Questo file serve solo a consentire l&#8217;utilizzo di alcune funzionalit\u00e0 del sito. \u00c8 possibile configurare la maggior parte dei browser affinch\u00e9 non accettino nuovi cookie o eliminino quelli esistenti. Le istruzioni specifiche per il proprio browser sono solitamente reperibili tramite la funzione di aiuto del browser stesso.<\/p>\n\n\n\n<h4 class=\"wp-block-heading\"><strong>3. File di log del server<\/strong><\/h4>\n\n\n\n<p>Come avviene per ogni connessione a un server web, il nostro provider di hosting (cyon, con sede a Basilea, Svizzera) registra e salva alcuni dati tecnici. Tali dati includono l\u2019indirizzo IP, il sistema operativo del dispositivo, data e ora dell\u2019accesso, tipo di browser, e la richiesta del browser incluso il sito di provenienza (referrer). Questi dati sono tecnicamente necessari per la fruizione del sito web. Il provider protegge i dati da accessi non autorizzati con misure tecniche e organizzative, e non li trasmette a terzi. Qualora vengano trattati dati personali, ci\u00f2 avviene nell\u2019interesse legittimo di offrire la miglior esperienza utente possibile e garantire la sicurezza e stabilit\u00e0 dei sistemi.<\/p>\n\n\n\n<h4 class=\"wp-block-heading\"><strong>4. Google Analytics<\/strong><\/h4>\n\n\n\n<p>Questo sito utilizza Google Analytics, un servizio di analisi web fornito da Google Inc., 1600 Amphitheatre Parkway, Mountain View, CA 94043, USA. Google Analytics utilizza dei \u201ccookie\u201d, file di testo che vengono salvati sul computer dell\u2019utente e che permettono di analizzare l\u2019utilizzo del sito.<\/p>\n\n\n\n<p>Le informazioni generate dai cookie vengono utilizzate da Google per conto del gestore del sito per valutare l&#8217;utilizzo del sito da parte dell\u2019utente, generare report sulle attivit\u00e0 del sito e fornire ulteriori servizi relativi all\u2019uso del sito e di Internet. L\u2019indirizzo IP trasmesso dal browser dell\u2019utente nel contesto di Google Analytics non viene associato ad altri dati di Google.<\/p>\n\n\n\n<p>\u00c8 possibile impedire la memorizzazione dei cookie attraverso le impostazioni del browser o eliminarli successivamente.<\/p>\n\n\n\n<h4 class=\"wp-block-heading\"><strong>5. Webshop (se presente)<\/strong><\/h4>\n\n\n\n<p>Informiamo che, per facilitare l\u2019acquisto e per l\u2019esecuzione del contratto, il gestore del negozio online memorizza tramite cookie l\u2019indirizzo IP dell\u2019utente, cos\u00ec come nome, indirizzo e metodo di pagamento dell\u2019acquirente.<\/p>\n\n\n\n<p>I dati forniti sono necessari per adempiere al contratto o alle misure precontrattuali. Senza questi dati, non possiamo concludere il contratto. I dati non vengono trasmessi a terzi, tranne che:<\/p>\n\n\n\n<ul class=\"wp-block-list\">\n<li>alle banche o ai provider di pagamento per elaborare i pagamenti con carta di credito,<\/li>\n\n\n\n<li>all\u2019azienda di spedizioni per la consegna della merce,<\/li>\n\n\n\n<li>al nostro consulente fiscale per adempiere agli obblighi fiscali.<\/li>\n<\/ul>\n\n\n\n<p>Se l\u2019acquisto viene interrotto, i dati salvati vengono cancellati. In caso di acquisto, i dati relativi al contratto vengono conservati per 10 anni (obblighi fiscali) e, per motivi di responsabilit\u00e0 del prodotto, anche oltre (fino a 10 anni).<\/p>\n\n\n\n<h4 class=\"wp-block-heading\"><strong>6. I vostri diritti<\/strong><\/h4>\n\n\n\n<p>Avete il diritto di accesso, rettifica, cancellazione, limitazione, portabilit\u00e0 dei dati, revoca e opposizione. Se ritenete che il trattamento dei vostri dati violi le normative sulla protezione dei dati o che i vostri diritti siano stati violati, potete presentare reclamo all\u2019autorit\u00e0 di controllo competente.<\/p>\n\n\n\n<p>I nostri dati di contatto si trovano alla sezione <strong><a href=\"\/contattaci\">Contatti<\/a><\/strong>.<\/p>\n\n\n\n<div style=\"height:100px\" aria-hidden=\"true\" class=\"wp-block-spacer\"><\/div>\n","protected":false},"excerpt":{"rendered":"<p>1. Raccolta, trattamento e utilizzo dei dati personali Durante la visita a questo sito web non raccogliamo alcun dato personale. I dati personali vengono raccolti solo se ci vengono forniti direttamente tramite il modulo di contatto. Tali dati vengono utilizzati esclusivamente per rispondere alla richiesta e successivamente cancellati. 2. Utilizzo di cookie propri Quando si [&hellip;]<\/p>\n","protected":false},"author":18,"featured_media":0,"parent":0,"menu_order":0,"comment_status":"closed","ping_status":"closed","template":"","meta":{"_uag_custom_page_level_css":"","site-sidebar-layout":"","site-content-layout":"content-boxed-container","ast-site-content-layout":"default","site-content-style":"default","site-sidebar-style":"default","ast-global-header-display":"","ast-banner-title-visibility":"","ast-main-header-display":"","ast-hfb-above-header-display":"","ast-hfb-below-header-display":"","ast-hfb-mobile-header-display":"","site-post-title":"","ast-breadcrumbs-content":"","ast-featured-img":"","footer-sml-layout":"","ast-disable-related-posts":"","theme-transparent-header-meta":"","adv-header-id-meta":"","stick-header-meta":"","header-above-stick-meta":"","header-main-stick-meta":"","header-below-stick-meta":"","astra-migrate-meta-layouts":"default","ast-page-background-enabled":"default","ast-page-background-meta":{"desktop":{"background-color":"var(--ast-global-color-4)","background-image":"","background-repeat":"repeat","background-position":"center center","background-size":"auto","background-attachment":"scroll","background-type":"","background-media":"","overlay-type":"","overlay-color":"","overlay-opacity":"","overlay-gradient":""},"tablet":{"background-color":"","background-image":"","background-repeat":"repeat","background-position":"center center","background-size":"auto","background-attachment":"scroll","background-type":"","background-media":"","overlay-type":"","overlay-color":"","overlay-opacity":"","overlay-gradient":""},"mobile":{"background-color":"","background-image":"","background-repeat":"repeat","background-position":"center center","background-size":"auto","background-attachment":"scroll","background-type":"","background-media":"","overlay-type":"","overlay-color":"","overlay-opacity":"","overlay-gradient":""}},"ast-content-background-meta":{"desktop":{"background-color":"var(--ast-global-color-5)","background-image":"","background-repeat":"repeat","background-position":"center center","background-size":"auto","background-attachment":"scroll","background-type":"","background-media":"","overlay-type":"","overlay-color":"","overlay-opacity":"","overlay-gradient":""},"tablet":{"background-color":"var(--ast-global-color-5)","background-image":"","background-repeat":"repeat","background-position":"center center","background-size":"auto","background-attachment":"scroll","background-type":"","background-media":"","overlay-type":"","overlay-color":"","overlay-opacity":"","overlay-gradient":""},"mobile":{"background-color":"var(--ast-global-color-5)","background-image":"","background-repeat":"repeat","background-position":"center center","background-size":"auto","background-attachment":"scroll","background-type":"","background-media":"","overlay-type":"","overlay-color":"","overlay-opacity":"","overlay-gradient":""}},"footnotes":""},"class_list":["post-14","page","type-page","status-publish","hentry"],"uagb_featured_image_src":{"full":false,"thumbnail":false,"medium":false,"medium_large":false,"large":false,"1536x1536":false,"2048x2048":false,"trp-custom-language-flag":false,"woocommerce_thumbnail":false,"woocommerce_single":false,"woocommerce_gallery_thumbnail":false,"dgwt-wcas-product-suggestion":false},"uagb_author_info":{"display_name":"lapala","author_link":"https:\/\/www.sanacos.ch\/it\/author\/lapala\/"},"uagb_comment_info":0,"uagb_excerpt":"1. Raccolta, trattamento e utilizzo dei dati personali Durante la visita a questo sito web non raccogliamo alcun dato personale. I dati personali vengono raccolti solo se ci vengono forniti direttamente tramite il modulo di contatto. Tali dati vengono utilizzati esclusivamente per rispondere alla richiesta e successivamente cancellati. 2. Utilizzo di cookie propri Quando si&hellip;","_links":{"self":[{"href":"https:\/\/www.sanacos.ch\/it\/wp-json\/wp\/v2\/pages\/14","targetHints":{"allow":["GET"]}}],"collection":[{"href":"https:\/\/www.sanacos.ch\/it\/wp-json\/wp\/v2\/pages"}],"about":[{"href":"https:\/\/www.sanacos.ch\/it\/wp-json\/wp\/v2\/types\/page"}],"author":[{"embeddable":true,"href":"https:\/\/www.sanacos.ch\/it\/wp-json\/wp\/v2\/users\/18"}],"replies":[{"embeddable":true,"href":"https:\/\/www.sanacos.ch\/it\/wp-json\/wp\/v2\/comments?post=14"}],"version-history":[{"count":0,"href":"https:\/\/www.sanacos.ch\/it\/wp-json\/wp\/v2\/pages\/14\/revisions"}],"wp:attachment":[{"href":"https:\/\/www.sanacos.ch\/it\/wp-json\/wp\/v2\/media?parent=14"}],"curies":[{"name":"wp","href":"https:\/\/api.w.org\/{rel}","templated":true}]}}