{"id":54,"date":"2020-02-04T12:21:32","date_gmt":"2020-02-04T11:21:32","guid":{"rendered":"https:\/\/www.sanacos.ch\/produkt\/zahncreme\/"},"modified":"2026-04-16T14:48:44","modified_gmt":"2026-04-16T12:48:44","slug":"mesoporationgelpro","status":"publish","type":"product","link":"https:\/\/www.sanacos.ch\/de\/prodotto\/mesoporationgelpro\/","title":{"rendered":"MESOPORATION GEL PRO"},"content":{"rendered":"<p><span data-offset-key=\"6ckqb-0-0\">Ein reines Naturprodukt<\/span><mark class=\"pad__mark pad__mark--inline-advice\" data-entity-key=\"46\" data-offset-key=\"6ckqb-1-0\" data-highlight-entity-key=\"46\"><span data-offset-key=\"6ckqb-1-0\">Zahnaufhellung<\/span><\/mark><span data-offset-key=\"6ckqb-2-0\">fluorfrei und <\/span><span id=\"decorator-corrected-entity-id-45\" data-entity-key=\"45\" data-offset-key=\"6ckqb-3-0\"><span data-offset-key=\"6ckqb-3-0\">Stoff f\u00fcr<\/span><\/span> <span style=\"color: #000000;\">w<\/span><span id=\"decorator-corrected-entity-id-39\" data-entity-key=\"39\" data-offset-key=\"6ckqb-7-0\"><span data-offset-key=\"6ckqb-7-0\">Nach<\/span><\/span><span data-offset-key=\"6ckqb-8-0\">und die Fleischbl\u00e4tter von Denti werden regelm\u00e4\u00dfig <\/span><span id=\"decorator-corrected-entity-id-44\" data-entity-key=\"44\" data-offset-key=\"6ckqb-9-0\"><span data-offset-key=\"6ckqb-9-0\">Anmeldung<\/span><\/span><span data-offset-key=\"6ckqb-10-0\">reduziert.<\/span><\/p>\n<p><strong>Empfehlung:<\/strong><\/p>\n<p>Optimale Pflege und Ergebnisse beim dreimaligen Z\u00e4hneputzen pro Tag. Geeignet f\u00fcr die ganze Familie.<\/p>\n<p><strong>Besondere Merkmale:<\/strong><\/p>\n<p>Vegan, nicht an Tieren getestet, reines Naturprodukt, ohne synthetische Farb-, Duft- und Konservierungsstoffe. Entwickelt und hergestellt in der Schweiz.<\/p>","protected":false},"excerpt":{"rendered":"<p>Gl\u00e4nzende Z\u00e4hne und gesundes Zahnfleisch, ganz nat\u00fcrlich!<\/p>","protected":false},"featured_media":13711,"template":"","meta":{"_uag_custom_page_level_css":"","site-sidebar-layout":"default","site-content-layout":"default","ast-site-content-layout":"default","site-content-style":"default","site-sidebar-style":"default","ast-global-header-display":"","ast-banner-title-visibility":"","ast-main-header-display":"","ast-hfb-above-header-display":"","ast-hfb-below-header-display":"","ast-hfb-mobile-header-display":"","site-post-title":"","ast-breadcrumbs-content":"","ast-featured-img":"","footer-sml-layout":"","ast-disable-related-posts":"","theme-transparent-header-meta":"default","adv-header-id-meta":"","stick-header-meta":"default","header-above-stick-meta":"","header-main-stick-meta":"","header-below-stick-meta":"","astra-migrate-meta-layouts":"set","ast-page-background-enabled":"default","ast-page-background-meta":{"desktop":{"background-color":"var(--ast-global-color-4)","background-image":"","background-repeat":"repeat","background-position":"center center","background-size":"auto","background-attachment":"scroll","background-type":"","background-media":"","overlay-type":"","overlay-color":"","overlay-opacity":"","overlay-gradient":""},"tablet":{"background-color":"","background-image":"","background-repeat":"repeat","background-position":"center center","background-size":"auto","background-attachment":"scroll","background-type":"","background-media":"","overlay-type":"","overlay-color":"","overlay-opacity":"","overlay-gradient":""},"mobile":{"background-color":"","background-image":"","background-repeat":"repeat","background-position":"center center","background-size":"auto","background-attachment":"scroll","background-type":"","background-media":"","overlay-type":"","overlay-color":"","overlay-opacity":"","overlay-gradient":""}},"ast-content-background-meta":{"desktop":{"background-color":"var(--ast-global-color-5)","background-image":"","background-repeat":"repeat","background-position":"center center","background-size":"auto","background-attachment":"scroll","background-type":"","background-media":"","overlay-type":"","overlay-color":"","overlay-opacity":"","overlay-gradient":""},"tablet":{"background-color":"var(--ast-global-color-5)","background-image":"","background-repeat":"repeat","background-position":"center center","background-size":"auto","background-attachment":"scroll","background-type":"","background-media":"","overlay-type":"","overlay-color":"","overlay-opacity":"","overlay-gradient":""},"mobile":{"background-color":"var(--ast-global-color-5)","background-image":"","background-repeat":"repeat","background-position":"center center","background-size":"auto","background-attachment":"scroll","background-type":"","background-media":"","overlay-type":"","overlay-color":"","overlay-opacity":"","overlay-gradient":""}}},"product_brand":[],"product_cat":[589,538],"product_tag":[49],"class_list":{"0":"post-54","1":"product","2":"type-product","3":"status-publish","4":"has-post-thumbnail","6":"product_cat-mesoporazione","7":"product_cat-cosmetics","8":"product_tag-beauty","9":"desktop-align-left","10":"tablet-align-left","11":"mobile-align-left","12":"ast-product-gallery-layout-first-image-large","13":"ast-product-gallery-with-no-image","14":"ast-magnify-disabled","15":"ast-product-tabs-layout-horizontal","17":"first","18":"outofstock","19":"taxable","20":"shipping-taxable","21":"purchasable","22":"product-type-simple"},"supplier_id":null,"supplier_sku":"","barcode":null,"atum_controlled":true,"out_stock_date":"2025-08-24 18:41:19","out_stock_threshold":null,"inheritable":false,"inbound_stock":null,"stock_on_hold":0,"sold_today":0,"sales_last_days":0,"reserved_stock":null,"customer_returns":null,"warehouse_damage":null,"lost_in_post":null,"other_logs":null,"out_stock_days":235,"lost_sales":0,"has_location":false,"update_date":"2026-04-17T00:57:05","atum_locations":[],"atum_stock_status":"outofstock","restock_status":false,"low_stock_amount":"","sales_update_date":"2026-04-17T00:57:05","calc_backorders":null,"uagb_featured_image_src":{"full":["https:\/\/www.sanacos.ch\/wp-content\/uploads\/2026\/04\/11.png",1080,1350,false],"thumbnail":["https:\/\/www.sanacos.ch\/wp-content\/uploads\/2026\/04\/11-500x500.png",500,500,true],"medium":["https:\/\/www.sanacos.ch\/wp-content\/uploads\/2026\/04\/11.png",1080,1350,false],"medium_large":["https:\/\/www.sanacos.ch\/wp-content\/uploads\/2026\/04\/11-768x960.png",768,960,true],"large":["https:\/\/www.sanacos.ch\/wp-content\/uploads\/2026\/04\/11.png",1080,1350,false],"1536x1536":["https:\/\/www.sanacos.ch\/wp-content\/uploads\/2026\/04\/11.png",1080,1350,false],"2048x2048":["https:\/\/www.sanacos.ch\/wp-content\/uploads\/2026\/04\/11.png",1080,1350,false],"trp-custom-language-flag":["https:\/\/www.sanacos.ch\/wp-content\/uploads\/2026\/04\/11-10x12.png",10,12,true],"woocommerce_thumbnail":["https:\/\/www.sanacos.ch\/wp-content\/uploads\/2026\/04\/11-300x300.png",300,300,true],"woocommerce_single":["https:\/\/www.sanacos.ch\/wp-content\/uploads\/2026\/04\/11-600x750.png",600,750,true],"woocommerce_gallery_thumbnail":["https:\/\/www.sanacos.ch\/wp-content\/uploads\/2026\/04\/11-100x100.png",100,100,true],"dgwt-wcas-product-suggestion":["https:\/\/www.sanacos.ch\/wp-content\/uploads\/2026\/04\/11-64x80.png",64,80,true]},"uagb_author_info":{"display_name":"lapala","author_link":"https:\/\/www.sanacos.ch\/de\/author\/"},"uagb_comment_info":0,"uagb_excerpt":"Denti brillanti e gengive sane, tutto naturale!","_links":{"self":[{"href":"https:\/\/www.sanacos.ch\/de\/wp-json\/wp\/v2\/product\/54","targetHints":{"allow":["GET"]}}],"collection":[{"href":"https:\/\/www.sanacos.ch\/de\/wp-json\/wp\/v2\/product"}],"about":[{"href":"https:\/\/www.sanacos.ch\/de\/wp-json\/wp\/v2\/types\/product"}],"wp:featuredmedia":[{"embeddable":true,"href":"https:\/\/www.sanacos.ch\/de\/wp-json\/wp\/v2\/media\/13711"}],"wp:attachment":[{"href":"https:\/\/www.sanacos.ch\/de\/wp-json\/wp\/v2\/media?parent=54"}],"wp:term":[{"taxonomy":"product_brand","embeddable":true,"href":"https:\/\/www.sanacos.ch\/de\/wp-json\/wp\/v2\/product_brand?post=54"},{"taxonomy":"product_cat","embeddable":true,"href":"https:\/\/www.sanacos.ch\/de\/wp-json\/wp\/v2\/product_cat?post=54"},{"taxonomy":"product_tag","embeddable":true,"href":"https:\/\/www.sanacos.ch\/de\/wp-json\/wp\/v2\/product_tag?post=54"}],"curies":[{"name":"wp","href":"https:\/\/api.w.org\/{rel}","templated":true}]}}