{"id":13460,"date":"2026-02-23T05:06:57","date_gmt":"2026-02-23T04:06:57","guid":{"rendered":"https:\/\/www.sanacos.ch\/?post_type=product&#038;p=13460"},"modified":"2026-02-27T14:10:28","modified_gmt":"2026-02-27T13:10:28","slug":"omega-3-100-ml-100-ml-kopie","status":"publish","type":"product","link":"https:\/\/www.sanacos.ch\/de\/prodotto\/omega-3-100-ml-100-ml-copia\/","title":{"rendered":"TEST OMEGA-METRIX + 100 ML OMEGA-3"},"content":{"rendered":"<h3 data-start=\"160\" data-end=\"192\">Ma\u00dfnahme. Verstehst du. Verbessert.<\/h3>\n<p data-start=\"194\" data-end=\"285\">Der erste schritt in richtung einer integration wirklich effektiv ist, und kennen sie ihren ausgangspunkt.<\/p>\n<p data-start=\"287\" data-end=\"315\">Dieses set beinhaltet:<\/p>\n<ul data-start=\"317\" data-end=\"393\">\n<li data-start=\"317\" data-end=\"351\">\n<p data-start=\"319\" data-end=\"351\"><strong data-start=\"319\" data-end=\"351\">1 selbsttest der HS-Omega-3 Index\u00ae<\/strong><\/p>\n<\/li>\n<li data-start=\"352\" data-end=\"393\">\n<p data-start=\"354\" data-end=\"393\"><strong data-start=\"354\" data-end=\"393\">1 flasche \u00f6l Omega-3-100-ml<\/strong><\/p>\n<\/li>\n<\/ul>\n<p data-start=\"395\" data-end=\"544\">Ein praktisches system, das wissenschaftlich validiert, um messen die konzentrationen von <strong data-start=\"468\" data-end=\"499\">EPA und DHA in den roten blutk\u00f6rperchen<\/strong>, mit <strong data-start=\"505\" data-end=\"543\">laboruntersuchungen certificate<\/strong>.<\/p>\n<hr data-start=\"546\" data-end=\"549\" \/>\n<h3 data-start=\"551\" data-end=\"587\">Warum messen die Omega-3-Index?<\/h3>\n<p data-start=\"589\" data-end=\"757\">Die Omega-3-Index zeigt die prozentuale anteil von EPA und DHA in den zellmembranen der roten blutk\u00f6rperchen.<br data-start=\"682\" data-end=\"685\" \/>Der optimale wert liegt zwischen <strong data-start=\"717\" data-end=\"729\">8% 11%<\/strong> es ist mit unterst\u00fctzung von:<\/p>\n<p data-start=\"759\" data-end=\"863\">\u2714 Herz-kreislauf-wohlbefinden<br data-start=\"786\" data-end=\"789\" \/>\u2714 Funktion des gehirns<br data-start=\"809\" data-end=\"812\" \/>\u2714 Balance entz\u00fcndlichen<br data-start=\"838\" data-end=\"841\" \/>\u2714 Allgemeine wohlbefinden<\/p>\n<p data-start=\"865\" data-end=\"980\">Wissen, ihr wert wird vermieden, integrationen \"auf verdacht\" und w\u00e4hlen sie einen ansatz, der gezielt und individuell.<\/p>\n<hr data-start=\"982\" data-end=\"985\" \/>\n<h3 data-start=\"987\" data-end=\"1010\">Aus dem test-action<\/h3>\n<p data-start=\"1012\" data-end=\"1149\">Dank der \u00f6l Omega-3-im set enthalten, sie k\u00f6nnen sofort eine integration auf ma\u00df, angepasst an die dosierung auf der grundlage ihrer ergebnisse.<\/p>\n<p data-start=\"1151\" data-end=\"1245\">Eine einfache methode, konkrete und basiert auf realen daten f\u00fcr die optimierung ihrer ern\u00e4hrung.<\/p>\n<hr \/>\n<h3 data-start=\"1151\" data-end=\"1245\">UNTERLAGEN<\/h3>\n<ul>\n<li data-start=\"1151\" data-end=\"1245\">SANACOS_BROCHURE_DE<\/li>\n<li data-start=\"1151\" data-end=\"1245\">S<a href=\"https:\/\/drive.google.com\/file\/d\/1uOAGhR1h0UZufUFLAejg5FSAuz5unnkp\/view?usp=drive_link\" target=\"_blank\" rel=\"noopener\">ANACOS_BROCHURE_ITA<\/a><\/li>\n<\/ul>","protected":false},"excerpt":{"rendered":"<p><strong>Messen.\u202fVerstehen.\u202fVerbessern.<\/strong><\/p>\n<p>Das set enth\u00e4lt den selbsttest der HS\u2011Omega\u20113 Index\u00ae (1 st\u00fcck) und eine flasche \u00f6l Omega\u20113, die von 100 ml.<br \/>\nDer test dient der messung selbst die niveaus von EPA und DHA in den roten blutk\u00f6rperchen, mit der analyse von labor zertifiziert.<\/p>\n<p>Wissen, dass ihr index (8-11 %) hilft bei der unterst\u00fctzung von herz,<br \/>\ndas gehirn und das allgemeine wohlbefinden.<br \/>\nDank der im \u00f6l enthalten, sie k\u00f6nnen sofort eine integration<br \/>\nbenutzerdefinierte.<\/p>","protected":false},"featured_media":13565,"template":"","meta":{"_uag_custom_page_level_css":"","site-sidebar-layout":"default","site-content-layout":"","ast-site-content-layout":"default","site-content-style":"default","site-sidebar-style":"default","ast-global-header-display":"","ast-banner-title-visibility":"","ast-main-header-display":"","ast-hfb-above-header-display":"","ast-hfb-below-header-display":"","ast-hfb-mobile-header-display":"","site-post-title":"","ast-breadcrumbs-content":"","ast-featured-img":"","footer-sml-layout":"","ast-disable-related-posts":"","theme-transparent-header-meta":"default","adv-header-id-meta":"","stick-header-meta":"default","header-above-stick-meta":"","header-main-stick-meta":"","header-below-stick-meta":"","astra-migrate-meta-layouts":"set","ast-page-background-enabled":"default","ast-page-background-meta":{"desktop":{"background-color":"var(--ast-global-color-4)","background-image":"","background-repeat":"repeat","background-position":"center center","background-size":"auto","background-attachment":"scroll","background-type":"","background-media":"","overlay-type":"","overlay-color":"","overlay-opacity":"","overlay-gradient":""},"tablet":{"background-color":"","background-image":"","background-repeat":"repeat","background-position":"center center","background-size":"auto","background-attachment":"scroll","background-type":"","background-media":"","overlay-type":"","overlay-color":"","overlay-opacity":"","overlay-gradient":""},"mobile":{"background-color":"","background-image":"","background-repeat":"repeat","background-position":"center center","background-size":"auto","background-attachment":"scroll","background-type":"","background-media":"","overlay-type":"","overlay-color":"","overlay-opacity":"","overlay-gradient":""}},"ast-content-background-meta":{"desktop":{"background-color":"var(--ast-global-color-5)","background-image":"","background-repeat":"repeat","background-position":"center center","background-size":"auto","background-attachment":"scroll","background-type":"","background-media":"","overlay-type":"","overlay-color":"","overlay-opacity":"","overlay-gradient":""},"tablet":{"background-color":"var(--ast-global-color-5)","background-image":"","background-repeat":"repeat","background-position":"center center","background-size":"auto","background-attachment":"scroll","background-type":"","background-media":"","overlay-type":"","overlay-color":"","overlay-opacity":"","overlay-gradient":""},"mobile":{"background-color":"var(--ast-global-color-5)","background-image":"","background-repeat":"repeat","background-position":"center center","background-size":"auto","background-attachment":"scroll","background-type":"","background-media":"","overlay-type":"","overlay-color":"","overlay-opacity":"","overlay-gradient":""}}},"product_brand":[],"product_cat":[581],"product_tag":[],"class_list":{"0":"post-13460","1":"product","2":"type-product","3":"status-publish","4":"has-post-thumbnail","6":"product_cat-sanacos-supplements","7":"desktop-align-left","8":"tablet-align-left","9":"mobile-align-left","10":"ast-product-gallery-layout-first-image-large","11":"ast-magnify-disabled","12":"ast-product-tabs-layout-horizontal","14":"first","15":"instock","16":"purchasable","17":"product-type-simple"},"supplier_id":null,"supplier_sku":"","barcode":null,"atum_controlled":true,"out_stock_date":null,"out_stock_threshold":null,"inheritable":false,"inbound_stock":null,"stock_on_hold":0,"sold_today":0,"sales_last_days":0,"reserved_stock":null,"customer_returns":null,"warehouse_damage":null,"lost_in_post":null,"other_logs":null,"out_stock_days":0,"lost_sales":0,"has_location":false,"update_date":"2026-04-05T00:36:26","atum_locations":[],"atum_stock_status":"instock","restock_status":false,"low_stock_amount":"","sales_update_date":"2026-04-05T00:36:26","calc_backorders":null,"uagb_featured_image_src":{"full":["https:\/\/www.sanacos.ch\/wp-content\/uploads\/2026\/02\/foto-omegametrix100ml.png",1080,1350,false],"thumbnail":["https:\/\/www.sanacos.ch\/wp-content\/uploads\/2026\/02\/foto-omegametrix100ml-500x500.png",500,500,true],"medium":["https:\/\/www.sanacos.ch\/wp-content\/uploads\/2026\/02\/foto-omegametrix100ml.png",1080,1350,false],"medium_large":["https:\/\/www.sanacos.ch\/wp-content\/uploads\/2026\/02\/foto-omegametrix100ml-768x960.png",768,960,true],"large":["https:\/\/www.sanacos.ch\/wp-content\/uploads\/2026\/02\/foto-omegametrix100ml.png",1080,1350,false],"1536x1536":["https:\/\/www.sanacos.ch\/wp-content\/uploads\/2026\/02\/foto-omegametrix100ml.png",1080,1350,false],"2048x2048":["https:\/\/www.sanacos.ch\/wp-content\/uploads\/2026\/02\/foto-omegametrix100ml.png",1080,1350,false],"trp-custom-language-flag":["https:\/\/www.sanacos.ch\/wp-content\/uploads\/2026\/02\/foto-omegametrix100ml-10x12.png",10,12,true],"woocommerce_thumbnail":["https:\/\/www.sanacos.ch\/wp-content\/uploads\/2026\/02\/foto-omegametrix100ml-300x300.png",300,300,true],"woocommerce_single":["https:\/\/www.sanacos.ch\/wp-content\/uploads\/2026\/02\/foto-omegametrix100ml-600x750.png",600,750,true],"woocommerce_gallery_thumbnail":["https:\/\/www.sanacos.ch\/wp-content\/uploads\/2026\/02\/foto-omegametrix100ml-100x100.png",100,100,true],"dgwt-wcas-product-suggestion":["https:\/\/www.sanacos.ch\/wp-content\/uploads\/2026\/02\/foto-omegametrix100ml-64x80.png",64,80,true]},"uagb_author_info":{"display_name":"Stetefeldt","author_link":"https:\/\/www.sanacos.ch\/de\/author\/"},"uagb_comment_info":0,"uagb_excerpt":"Misura.\u202fComprendi.\u202fMigliora. Il\u202fset\u202fcontiene\u202fl\u2019autotest\u202fHS\u2011Omega\u20113\u202fIndex\u00ae\u202f(1\u202fpezzo) e\u202fun\u202fflacone\u202fdi\u202folio\u202fOmega\u20113\u202fda\u202f100\u202fml. Il\u202ftest\u202fpermette\u202fdi\u202fmisurare\u202fautonomamente\u202fi\u202flivelli\u202fdi\u202fEPA\u202fe\u202fDHA nei globuli\u202frossi,\u202fcon\u202fanalisi\u202fdi\u202flaboratorio\u202fcertificate. Conoscere\u202fil\u202fproprio\u202findice\u202f(8\u201111\u202f%)\u202faiuta\u202fa\u202fsupportare\u202fcuore, cervello\u202fe\u202fbenessere\u202fgenerale. Grazie\u202fall\u2019olio\u202fincluso\u202fpuoi\u202finiziare\u202fsubito\u202fun\u2019integrazione personalizzata.","_links":{"self":[{"href":"https:\/\/www.sanacos.ch\/de\/wp-json\/wp\/v2\/product\/13460","targetHints":{"allow":["GET"]}}],"collection":[{"href":"https:\/\/www.sanacos.ch\/de\/wp-json\/wp\/v2\/product"}],"about":[{"href":"https:\/\/www.sanacos.ch\/de\/wp-json\/wp\/v2\/types\/product"}],"wp:featuredmedia":[{"embeddable":true,"href":"https:\/\/www.sanacos.ch\/de\/wp-json\/wp\/v2\/media\/13565"}],"wp:attachment":[{"href":"https:\/\/www.sanacos.ch\/de\/wp-json\/wp\/v2\/media?parent=13460"}],"wp:term":[{"taxonomy":"product_brand","embeddable":true,"href":"https:\/\/www.sanacos.ch\/de\/wp-json\/wp\/v2\/product_brand?post=13460"},{"taxonomy":"product_cat","embeddable":true,"href":"https:\/\/www.sanacos.ch\/de\/wp-json\/wp\/v2\/product_cat?post=13460"},{"taxonomy":"product_tag","embeddable":true,"href":"https:\/\/www.sanacos.ch\/de\/wp-json\/wp\/v2\/product_tag?post=13460"}],"curies":[{"name":"wp","href":"https:\/\/api.w.org\/{rel}","templated":true}]}}