{"id":18,"date":"2021-07-23T08:20:13","date_gmt":"2021-07-23T08:20:13","guid":{"rendered":"https:\/\/www.sanacos.ch\/versandarten\/"},"modified":"2025-05-23T04:58:44","modified_gmt":"2025-05-23T02:58:44","slug":"versand","status":"publish","type":"page","link":"https:\/\/www.sanacos.ch\/de\/spedizione\/","title":{"rendered":"Versand"},"content":{"rendered":"<ul class=\"wp-block-list\">\n<li>Wir versenden unsere produkte in der Schweiz \u00fcber <strong>DPD<\/strong>.<\/li>\n\n\n\n<li>Der versand erfolgt <strong>erst nach erhalt der zahlung<\/strong> und in der regel dauert <strong>2-5 werktage<\/strong> (f\u00fcr das ausland werden die zeiten k\u00f6nnen erheblich l\u00e4nger).<\/li>\n\n\n\n<li>F\u00fcr bestellungen <strong>unter CHF 130.-<\/strong>, berechnen wir einen beitrag von versand <strong>CHF 9.00<\/strong>.<\/li>\n\n\n\n<li>F\u00fcr bestellungen <strong>\u00fcber CHF 130.-<\/strong>, <strong>der versand ist kostenlos<\/strong>.<\/li>\n\n\n\n<li>F\u00fcr bestellungen <strong>unter CHF 75.-<\/strong>berechnen wir einen <strong>geb\u00fchr f\u00fcr kleine menge<\/strong> von <strong>CHF 12.00<\/strong>.<\/li>\n\n\n\n<li>Derzeit wir liefern auch in folgende L\u00e4nder: <strong>Schweiz, \u00d6sterreich, Deutschland und Italien<\/strong>.<\/li>\n<\/ul>\n\n\n\n<figure class=\"wp-block-image size-full is-resized\"><img loading=\"lazy\" decoding=\"async\" width=\"800\" height=\"530\" src=\"https:\/\/www.sanacos.ch\/wp-content\/uploads\/2022\/07\/dpd-logo.png\" alt=\"\" class=\"wp-image-4011\" style=\"width:149px;height:99px\" srcset=\"https:\/\/www.sanacos.ch\/wp-content\/uploads\/2022\/07\/dpd-logo.png 800w, https:\/\/www.sanacos.ch\/wp-content\/uploads\/2022\/07\/dpd-logo-768x509.png 768w, https:\/\/www.sanacos.ch\/wp-content\/uploads\/2022\/07\/dpd-logo-600x398.png 600w\" sizes=\"auto, (max-width: 800px) 100vw, 800px\" \/><figcaption class=\"wp-element-caption\">DPD ist unser partner f\u00fcr die lieferung von paketen in der Schweiz.<\/figcaption><\/figure>","protected":false},"excerpt":{"rendered":"","protected":false},"author":18,"featured_media":0,"parent":0,"menu_order":0,"comment_status":"closed","ping_status":"closed","template":"","meta":{"_uag_custom_page_level_css":"","site-sidebar-layout":"default","site-content-layout":"","ast-site-content-layout":"default","site-content-style":"default","site-sidebar-style":"default","ast-global-header-display":"","ast-banner-title-visibility":"","ast-main-header-display":"","ast-hfb-above-header-display":"","ast-hfb-below-header-display":"","ast-hfb-mobile-header-display":"","site-post-title":"","ast-breadcrumbs-content":"","ast-featured-img":"","footer-sml-layout":"","ast-disable-related-posts":"","theme-transparent-header-meta":"","adv-header-id-meta":"","stick-header-meta":"","header-above-stick-meta":"","header-main-stick-meta":"","header-below-stick-meta":"","astra-migrate-meta-layouts":"set","ast-page-background-enabled":"default","ast-page-background-meta":{"desktop":{"background-color":"var(--ast-global-color-4)","background-image":"","background-repeat":"repeat","background-position":"center center","background-size":"auto","background-attachment":"scroll","background-type":"","background-media":"","overlay-type":"","overlay-color":"","overlay-opacity":"","overlay-gradient":""},"tablet":{"background-color":"","background-image":"","background-repeat":"repeat","background-position":"center center","background-size":"auto","background-attachment":"scroll","background-type":"","background-media":"","overlay-type":"","overlay-color":"","overlay-opacity":"","overlay-gradient":""},"mobile":{"background-color":"","background-image":"","background-repeat":"repeat","background-position":"center center","background-size":"auto","background-attachment":"scroll","background-type":"","background-media":"","overlay-type":"","overlay-color":"","overlay-opacity":"","overlay-gradient":""}},"ast-content-background-meta":{"desktop":{"background-color":"var(--ast-global-color-5)","background-image":"","background-repeat":"repeat","background-position":"center center","background-size":"auto","background-attachment":"scroll","background-type":"","background-media":"","overlay-type":"","overlay-color":"","overlay-opacity":"","overlay-gradient":""},"tablet":{"background-color":"var(--ast-global-color-5)","background-image":"","background-repeat":"repeat","background-position":"center center","background-size":"auto","background-attachment":"scroll","background-type":"","background-media":"","overlay-type":"","overlay-color":"","overlay-opacity":"","overlay-gradient":""},"mobile":{"background-color":"var(--ast-global-color-5)","background-image":"","background-repeat":"repeat","background-position":"center center","background-size":"auto","background-attachment":"scroll","background-type":"","background-media":"","overlay-type":"","overlay-color":"","overlay-opacity":"","overlay-gradient":""}},"footnotes":""},"class_list":["post-18","page","type-page","status-publish","hentry"],"uagb_featured_image_src":{"full":false,"thumbnail":false,"medium":false,"medium_large":false,"large":false,"1536x1536":false,"2048x2048":false,"trp-custom-language-flag":false,"woocommerce_thumbnail":false,"woocommerce_single":false,"woocommerce_gallery_thumbnail":false,"dgwt-wcas-product-suggestion":false},"uagb_author_info":{"display_name":"lapala","author_link":"https:\/\/www.sanacos.ch\/de\/author\/lapala\/"},"uagb_comment_info":0,"uagb_excerpt":null,"_links":{"self":[{"href":"https:\/\/www.sanacos.ch\/de\/wp-json\/wp\/v2\/pages\/18","targetHints":{"allow":["GET"]}}],"collection":[{"href":"https:\/\/www.sanacos.ch\/de\/wp-json\/wp\/v2\/pages"}],"about":[{"href":"https:\/\/www.sanacos.ch\/de\/wp-json\/wp\/v2\/types\/page"}],"author":[{"embeddable":true,"href":"https:\/\/www.sanacos.ch\/de\/wp-json\/wp\/v2\/users\/18"}],"replies":[{"embeddable":true,"href":"https:\/\/www.sanacos.ch\/de\/wp-json\/wp\/v2\/comments?post=18"}],"version-history":[{"count":0,"href":"https:\/\/www.sanacos.ch\/de\/wp-json\/wp\/v2\/pages\/18\/revisions"}],"wp:attachment":[{"href":"https:\/\/www.sanacos.ch\/de\/wp-json\/wp\/v2\/media?parent=18"}],"curies":[{"name":"wp","href":"https:\/\/api.w.org\/{rel}","templated":true}]}}