{"id":17,"date":"2021-07-23T08:20:13","date_gmt":"2021-07-23T08:20:13","guid":{"rendered":"https:\/\/www.sanacos.ch\/widerrufsbelehrung\/"},"modified":"2025-05-24T18:53:46","modified_gmt":"2025-05-24T16:53:46","slug":"rucktrittsrecht","status":"publish","type":"page","link":"https:\/\/www.sanacos.ch\/de\/diritto-di-recesso\/","title":{"rendered":"Widerrufsrecht"},"content":{"rendered":"<p><strong>7.1<\/strong> Die verbraucher haben das recht, vom vertrag zur\u00fcckzutreten innerhalb <strong>Von 14 tagen nach erhalt der ware<\/strong>. Die k\u00fcndigung mitgeteilt werden muss, <strong>schriftlich per e-mail oder brief<\/strong> a SanaCos Natural Line AG. Zur wahrung der frist gen\u00fcgt die absendung der r\u00fccktrittserkl\u00e4rung. Nicht erforderlich ist eine begr\u00fcndung. Der widerruf muss gerichtet werden an:<\/p>\n\n\n\n<p><strong>SanaCos Natural Line AG<\/strong><br>Bergstrasse 31c<br>CH-8890 Flums<br>E-mail: <a>info@sanacos.ch<\/a><br>Telefon: 0041 79 248 99 01<\/p>\n\n\n\n<hr class=\"wp-block-separator has-alpha-channel-opacity\"\/>\n\n\n\n<p><strong>7.2<\/strong> Die aus\u00fcbung des r\u00fccktrittsrechts f\u00fchrt die umwandlung des kaufvertrags in ein verh\u00e4ltnis der r\u00fccksendung zu tragen, in denen beide parteien m\u00fcssen zur\u00fcck, was sie erhalten. Der verbraucher muss die ware empfangen, <strong>in der original-verpackung<\/strong>bis <strong>Von 14 tagen nach mitteilung des widerrufs<\/strong>. Die <strong>versandkosten f\u00fcr die r\u00fcckgabe<\/strong> sind <strong>zu lasten des verbrauchers<\/strong>.<\/p>\n\n\n\n<hr class=\"wp-block-separator has-alpha-channel-opacity\"\/>\n\n\n\n<p><strong>7.3<\/strong> Sobald die ware retourniert, <strong>kaufpreis wird erstattet<\/strong> unmittelbar an den verbraucher, <strong>wenn sie bereits bezahlt<\/strong>. Sie k\u00f6nnen eine <strong>abzug<\/strong> der betrag erstattet <strong>in fall von sch\u00e4den<\/strong> oder <strong>\u00fcberm\u00e4\u00dfiger verschlei\u00df<\/strong> der ware. Kein abzug erfolgt, wenn der wertverlust ist durch eine manipulation erforderlich, um zu bestimmen, die art, die merkmale und den betrieb des produktes.<\/p>\n\n\n\n<p>SanaCos Natural Line AG kann <strong>die erstattung zur\u00fcckzuhalten<\/strong> solange die ware nicht empfangen worden ist oder bis der verbraucher nicht zur verf\u00fcgung gestellt hat <strong>nachweis f\u00fcr den versand des<\/strong>je nachdem , welcher fr\u00fcher eintritt.<\/p>\n\n\n\n<div style=\"height:57px\" aria-hidden=\"true\" class=\"wp-block-spacer\"><\/div>","protected":false},"excerpt":{"rendered":"<p>7.1 I consumatori hanno il diritto di recedere dal contratto entro 14 giorni dal ricevimento della merce. Il recesso deve essere comunicato per iscritto tramite e-mail o lettera a SanaCos Natural Line AG. Ai fini del rispetto del termine, fa fede la data di invio della dichiarazione di recesso. Non \u00e8 necessaria alcuna motivazione. La [&hellip;]<\/p>\n","protected":false},"author":18,"featured_media":0,"parent":0,"menu_order":0,"comment_status":"closed","ping_status":"closed","template":"","meta":{"_uag_custom_page_level_css":"","site-sidebar-layout":"default","site-content-layout":"","ast-site-content-layout":"default","site-content-style":"default","site-sidebar-style":"default","ast-global-header-display":"","ast-banner-title-visibility":"","ast-main-header-display":"","ast-hfb-above-header-display":"","ast-hfb-below-header-display":"","ast-hfb-mobile-header-display":"","site-post-title":"","ast-breadcrumbs-content":"","ast-featured-img":"","footer-sml-layout":"","ast-disable-related-posts":"","theme-transparent-header-meta":"","adv-header-id-meta":"","stick-header-meta":"","header-above-stick-meta":"","header-main-stick-meta":"","header-below-stick-meta":"","astra-migrate-meta-layouts":"default","ast-page-background-enabled":"default","ast-page-background-meta":{"desktop":{"background-color":"var(--ast-global-color-4)","background-image":"","background-repeat":"repeat","background-position":"center center","background-size":"auto","background-attachment":"scroll","background-type":"","background-media":"","overlay-type":"","overlay-color":"","overlay-opacity":"","overlay-gradient":""},"tablet":{"background-color":"","background-image":"","background-repeat":"repeat","background-position":"center center","background-size":"auto","background-attachment":"scroll","background-type":"","background-media":"","overlay-type":"","overlay-color":"","overlay-opacity":"","overlay-gradient":""},"mobile":{"background-color":"","background-image":"","background-repeat":"repeat","background-position":"center center","background-size":"auto","background-attachment":"scroll","background-type":"","background-media":"","overlay-type":"","overlay-color":"","overlay-opacity":"","overlay-gradient":""}},"ast-content-background-meta":{"desktop":{"background-color":"var(--ast-global-color-5)","background-image":"","background-repeat":"repeat","background-position":"center center","background-size":"auto","background-attachment":"scroll","background-type":"","background-media":"","overlay-type":"","overlay-color":"","overlay-opacity":"","overlay-gradient":""},"tablet":{"background-color":"var(--ast-global-color-5)","background-image":"","background-repeat":"repeat","background-position":"center center","background-size":"auto","background-attachment":"scroll","background-type":"","background-media":"","overlay-type":"","overlay-color":"","overlay-opacity":"","overlay-gradient":""},"mobile":{"background-color":"var(--ast-global-color-5)","background-image":"","background-repeat":"repeat","background-position":"center center","background-size":"auto","background-attachment":"scroll","background-type":"","background-media":"","overlay-type":"","overlay-color":"","overlay-opacity":"","overlay-gradient":""}},"footnotes":""},"class_list":["post-17","page","type-page","status-publish","hentry"],"uagb_featured_image_src":{"full":false,"thumbnail":false,"medium":false,"medium_large":false,"large":false,"1536x1536":false,"2048x2048":false,"trp-custom-language-flag":false,"woocommerce_thumbnail":false,"woocommerce_single":false,"woocommerce_gallery_thumbnail":false,"dgwt-wcas-product-suggestion":false},"uagb_author_info":{"display_name":"lapala","author_link":"https:\/\/www.sanacos.ch\/de\/author\/lapala\/"},"uagb_comment_info":0,"uagb_excerpt":"7.1 I consumatori hanno il diritto di recedere dal contratto entro 14 giorni dal ricevimento della merce. Il recesso deve essere comunicato per iscritto tramite e-mail o lettera a SanaCos Natural Line AG. Ai fini del rispetto del termine, fa fede la data di invio della dichiarazione di recesso. Non \u00e8 necessaria alcuna motivazione. La&hellip;","_links":{"self":[{"href":"https:\/\/www.sanacos.ch\/de\/wp-json\/wp\/v2\/pages\/17","targetHints":{"allow":["GET"]}}],"collection":[{"href":"https:\/\/www.sanacos.ch\/de\/wp-json\/wp\/v2\/pages"}],"about":[{"href":"https:\/\/www.sanacos.ch\/de\/wp-json\/wp\/v2\/types\/page"}],"author":[{"embeddable":true,"href":"https:\/\/www.sanacos.ch\/de\/wp-json\/wp\/v2\/users\/18"}],"replies":[{"embeddable":true,"href":"https:\/\/www.sanacos.ch\/de\/wp-json\/wp\/v2\/comments?post=17"}],"version-history":[{"count":0,"href":"https:\/\/www.sanacos.ch\/de\/wp-json\/wp\/v2\/pages\/17\/revisions"}],"wp:attachment":[{"href":"https:\/\/www.sanacos.ch\/de\/wp-json\/wp\/v2\/media?parent=17"}],"curies":[{"name":"wp","href":"https:\/\/api.w.org\/{rel}","templated":true}]}}