{"id":14,"date":"2021-07-23T08:20:13","date_gmt":"2021-07-23T08:20:13","guid":{"rendered":"https:\/\/www.sanacos.ch\/datenschutzerklaerung\/"},"modified":"2025-08-24T18:37:10","modified_gmt":"2025-08-24T16:37:10","slug":"datenschutzbestimmungen","status":"publish","type":"page","link":"https:\/\/www.sanacos.ch\/de\/informativa-sulla-privacy\/","title":{"rendered":"Datenschutzerkl\u00e4rung"},"content":{"rendered":"<h4 class=\"wp-block-heading\"><strong>1. Erhebung, verarbeitung und nutzung personenbezogener daten<\/strong><\/h4>\n\n\n\n<p>Beim besuch dieser website erheben wir keine personenbezogenen daten. Personenbezogene daten werden nur erhoben, wenn sie uns diese werden direkt \u00fcber das kontakt-formular. Diese daten werden ausschlie\u00dflich genutzt, um auf eine anfrage zu reagieren und anschlie\u00dfend gel\u00f6scht.<\/p>\n\n\n\n<h4 class=\"wp-block-heading\"><strong>2. Verwendung von cookies ihre<\/strong><\/h4>\n\n\n\n<p>Beim zugriff auf bestimmte seiten, wird eine so genannte &#034;session-cookies&#034;. Es handelt sich um eine kleine textdatei, die automatisch gel\u00f6scht vom computer am ende der browser-sitzung. Diese datei dient nur zur nutzung bestimmter funktionalit\u00e4ten der website. Sie k\u00f6nnen konfigurieren die meisten browser so keine neue cookies zu akzeptieren, oder beheben bestehende. Die spezifischen anweisungen f\u00fcr ihren internet-browser sind in der regel erhalten sie \u00fcber die hilfe-funktion des browsers.<\/p>\n\n\n\n<h4 class=\"wp-block-heading\"><strong>3. Server-log-dateien<\/strong><\/h4>\n\n\n\n<p>Wie bei jeder verbindung mit einem webserver unserer hosting-provider (cyon, mit sitz in Basel, Schweiz), aufzeichnet und speichert einige technische daten. Zu diesen daten geh\u00f6ren die IP-adresse, das betriebssystem ihres ger\u00e4ts, datum und uhrzeit des zugriffs, browser-typ und die browser-anfrage inklusive der ort der herkunft (referrer). Diese daten sind technisch erforderlich sind, um die inanspruchnahme der website. Der anbieter sch\u00fctzt die daten vor unbefugtem zugriff mit technischen und organisatorischen massnahmen, und \u00fcbertr\u00e4gt sie nicht an dritte weiter. Werden die behandelten pers\u00f6nlichen daten, diese erfolgt im berechtigten interesse, ihnen die beste nutzer-erfahrung m\u00f6glich, und die sicherheit und stabilit\u00e4t der systeme.<\/p>\n\n\n\n<h4 class=\"wp-block-heading\"><strong>4. Google Analytics<\/strong><\/h4>\n\n\n\n<p>Diese website benutzt Google Analytics, einen webanalysedienst von Google Inc., 1600 Amphitheatre Parkway, Mountain View, CA 94043, USA. Google Analytics verwendet &#034;cookies&#034;, textdateien, die auf ihrem computer gespeichert werden und die eine analyse der benutzung der website erm\u00f6glichen.<\/p>\n\n\n\n<p>Die durch die cookies erzeugten informationen werden von Google benutzt, um auftrag des betreibers der website zur bewertung der nutzung der webseite durch den benutzer, reports \u00fcber die websiteaktivit\u00e4ten und um weitere dienstleistungen im zusammenhang mit der nutzung der website und Internet. Die \u00fcbermittelte IP-adresse, die ihr browser im rahmen von Google Analytics wird nicht mit anderen daten von Google zusammengef\u00fchrt.<\/p>\n\n\n\n<p>Sie k\u00f6nnen verhindern, dass eine speicherung von cookies \u00fcber ihre browser-einstellungen oder l\u00f6schen sie sie anschlie\u00dfend.<\/p>\n\n\n\n<h4 class=\"wp-block-heading\"><strong>5. Webshop (falls vorhanden)<\/strong><\/h4>\n\n\n\n<p>Bitte beachten sie, dass zur erleichterung der kauf und f\u00fcr die ausf\u00fchrung des vertrags, der betreiber des online-shops speichert mit hilfe von cookies die IP-adresse des benutzers, wie name, anschrift und zahlungsmethode des k\u00e4ufers.<\/p>\n\n\n\n<p>Die daten sind erforderlich, um den vertrag zu erf\u00fcllen oder vorvertragliche ma\u00dfnahmen zu ergreifen. Ohne diese daten k\u00f6nnen wir den vertrag abzuschlie\u00dfen. Die daten werden nicht an dritte weitergegeben, au\u00dfer:<\/p>\n\n\n\n<ul class=\"wp-block-list\">\n<li>banken oder payment-anbieter f\u00fcr die abwicklung der zahlung mit kreditkarte,<\/li>\n\n\n\n<li>das unternehmen speditionen f\u00fcr die auslieferung der ware,<\/li>\n\n\n\n<li>an unseren steuerberater zur erf\u00fcllung ihrer steuerlichen pflichten.<\/li>\n<\/ul>\n\n\n\n<p>Wenn der kauf abgebrochen, werden die gespeicherten daten gel\u00f6scht werden. Beim kauf, dass die daten des vertrages werden 10 jahre aufbewahrt (steuerlichen pflichten) und aus gr\u00fcnden der produkthaftung auch mehr (bis zu 10 jahre).<\/p>\n\n\n\n<h4 class=\"wp-block-heading\"><strong>6. Ihre rechte<\/strong><\/h4>\n\n\n\n<p>Sie haben das recht auf zugang, berichtigung, l\u00f6schung, einschr\u00e4nkung, portabilit\u00e4t der daten, widerruf und widerspruch. Wenn sie der meinung sind, dass die verarbeitung ihrer daten gegen die vorschriften \u00fcber den datenschutz oder, dass ihre rechte verletzt wurden, k\u00f6nnen sie eine beschwerde an die zust\u00e4ndige aufsichtsbeh\u00f6rde.<\/p>\n\n\n\n<p>Unsere kontaktdaten finden sie im abschnitt <strong><a href=\"\/de\/kontaktieren-sie-uns\/\">Kontakte<\/a><\/strong>.<\/p>\n\n\n\n<div style=\"height:100px\" aria-hidden=\"true\" class=\"wp-block-spacer\"><\/div>","protected":false},"excerpt":{"rendered":"<p>1. Raccolta, trattamento e utilizzo dei dati personali Durante la visita a questo sito web non raccogliamo alcun dato personale. I dati personali vengono raccolti solo se ci vengono forniti direttamente tramite il modulo di contatto. Tali dati vengono utilizzati esclusivamente per rispondere alla richiesta e successivamente cancellati. 2. Utilizzo di cookie propri Quando si [&hellip;]<\/p>\n","protected":false},"author":18,"featured_media":0,"parent":0,"menu_order":0,"comment_status":"closed","ping_status":"closed","template":"","meta":{"_uag_custom_page_level_css":"","site-sidebar-layout":"","site-content-layout":"content-boxed-container","ast-site-content-layout":"default","site-content-style":"default","site-sidebar-style":"default","ast-global-header-display":"","ast-banner-title-visibility":"","ast-main-header-display":"","ast-hfb-above-header-display":"","ast-hfb-below-header-display":"","ast-hfb-mobile-header-display":"","site-post-title":"","ast-breadcrumbs-content":"","ast-featured-img":"","footer-sml-layout":"","ast-disable-related-posts":"","theme-transparent-header-meta":"","adv-header-id-meta":"","stick-header-meta":"","header-above-stick-meta":"","header-main-stick-meta":"","header-below-stick-meta":"","astra-migrate-meta-layouts":"default","ast-page-background-enabled":"default","ast-page-background-meta":{"desktop":{"background-color":"var(--ast-global-color-4)","background-image":"","background-repeat":"repeat","background-position":"center center","background-size":"auto","background-attachment":"scroll","background-type":"","background-media":"","overlay-type":"","overlay-color":"","overlay-opacity":"","overlay-gradient":""},"tablet":{"background-color":"","background-image":"","background-repeat":"repeat","background-position":"center center","background-size":"auto","background-attachment":"scroll","background-type":"","background-media":"","overlay-type":"","overlay-color":"","overlay-opacity":"","overlay-gradient":""},"mobile":{"background-color":"","background-image":"","background-repeat":"repeat","background-position":"center center","background-size":"auto","background-attachment":"scroll","background-type":"","background-media":"","overlay-type":"","overlay-color":"","overlay-opacity":"","overlay-gradient":""}},"ast-content-background-meta":{"desktop":{"background-color":"var(--ast-global-color-5)","background-image":"","background-repeat":"repeat","background-position":"center center","background-size":"auto","background-attachment":"scroll","background-type":"","background-media":"","overlay-type":"","overlay-color":"","overlay-opacity":"","overlay-gradient":""},"tablet":{"background-color":"var(--ast-global-color-5)","background-image":"","background-repeat":"repeat","background-position":"center center","background-size":"auto","background-attachment":"scroll","background-type":"","background-media":"","overlay-type":"","overlay-color":"","overlay-opacity":"","overlay-gradient":""},"mobile":{"background-color":"var(--ast-global-color-5)","background-image":"","background-repeat":"repeat","background-position":"center center","background-size":"auto","background-attachment":"scroll","background-type":"","background-media":"","overlay-type":"","overlay-color":"","overlay-opacity":"","overlay-gradient":""}},"footnotes":""},"class_list":["post-14","page","type-page","status-publish","hentry"],"uagb_featured_image_src":{"full":false,"thumbnail":false,"medium":false,"medium_large":false,"large":false,"1536x1536":false,"2048x2048":false,"trp-custom-language-flag":false,"woocommerce_thumbnail":false,"woocommerce_single":false,"woocommerce_gallery_thumbnail":false,"dgwt-wcas-product-suggestion":false},"uagb_author_info":{"display_name":"lapala","author_link":"https:\/\/www.sanacos.ch\/de\/author\/lapala\/"},"uagb_comment_info":0,"uagb_excerpt":"1. Raccolta, trattamento e utilizzo dei dati personali Durante la visita a questo sito web non raccogliamo alcun dato personale. I dati personali vengono raccolti solo se ci vengono forniti direttamente tramite il modulo di contatto. Tali dati vengono utilizzati esclusivamente per rispondere alla richiesta e successivamente cancellati. 2. Utilizzo di cookie propri Quando si&hellip;","_links":{"self":[{"href":"https:\/\/www.sanacos.ch\/de\/wp-json\/wp\/v2\/pages\/14","targetHints":{"allow":["GET"]}}],"collection":[{"href":"https:\/\/www.sanacos.ch\/de\/wp-json\/wp\/v2\/pages"}],"about":[{"href":"https:\/\/www.sanacos.ch\/de\/wp-json\/wp\/v2\/types\/page"}],"author":[{"embeddable":true,"href":"https:\/\/www.sanacos.ch\/de\/wp-json\/wp\/v2\/users\/18"}],"replies":[{"embeddable":true,"href":"https:\/\/www.sanacos.ch\/de\/wp-json\/wp\/v2\/comments?post=14"}],"version-history":[{"count":0,"href":"https:\/\/www.sanacos.ch\/de\/wp-json\/wp\/v2\/pages\/14\/revisions"}],"wp:attachment":[{"href":"https:\/\/www.sanacos.ch\/de\/wp-json\/wp\/v2\/media?parent=14"}],"curies":[{"name":"wp","href":"https:\/\/api.w.org\/{rel}","templated":true}]}}