{"id":34,"date":"2020-02-04T11:47:53","date_gmt":"2020-02-04T10:47:53","guid":{"rendered":"https:\/\/www.sanacos.ch\/produkt\/deo-roll-on\/"},"modified":"2026-04-16T14:44:54","modified_gmt":"2026-04-16T12:44:54","slug":"deodorant","status":"publish","type":"product","link":"http:\/\/www.sanacos.ch\/de\/prodotto\/deodorante\/","title":{"rendered":"Schachtel mit Ampullen"},"content":{"rendered":"<p><strong>Deo-Roll-On Sensitive. Nat\u00fcrlicher und sanfter Schutz f\u00fcr deine Haut.\ud83c\udf3f<\/strong><\/p>\n<p>Unser Deo-Roll-On Sensitive wurde entwickelt, um t\u00e4gliche Frische und Schutz zu bieten und dabei das nat\u00fcrliche Gleichgewicht der Haut zu bewahren. Dank der Kombination aus Chitosan, Zink PCA und Natriumhydrogencarbonat bek\u00e4mpft er wirksam unangenehme Ger\u00fcche, ohne die nat\u00fcrliche Transpiration zu blockieren.<\/p>\n<p>Das enthaltene Kokos\u00f6l und Glycerin pflegen und spenden der Haut Feuchtigkeit, w\u00e4hrend die ausgew\u00e4hlten nat\u00fcrlichen Inhaltsstoffe in Synergie wirken, um langanhaltenden Komfort und Wohlbefinden zu gew\u00e4hrleisten.<\/p>\n<p><span style=\"color: #000080;\">\u2714\ufe0f <\/span>Ohne Aluminiumsalze<br \/>\n\u2714\ufe0f Sanft auch zu empfindlicher Haut<br \/>\n\u2714\ufe0f Nat\u00fcrliche und innovative Formel<\/p>\n<p>Eine einfache Geste, die Wirksamkeit, Sanftheit und Respekt f\u00fcr die Haut vereint \u2013 damit du dich jeden Tag, innen und au\u00dfen, wohlf\u00fchlst. \ud83d\udc9a<\/p>\n<hr \/>\n<p><strong>Empfehlungen f\u00fcr die Verwendung:<\/strong><\/p>\n<p>Den Deo-Roll-On Sensitive direkt auf die saubere und trockene Haut auftragen.<\/p>\n<p>Ideal f\u00fcr die Anwendung am Morgen und bei Bedarf im Laufe des Tages erneut auftragen.<\/p>\n<p>Vor Gebrauch leicht sch\u00fctteln, damit sich die Inhaltsstoffe gleichm\u00e4\u00dfig verteilen.<br \/>\nLassen Sie es ein paar Augenblicke trocknen, bevor Sie Ihre Kleidung anziehen.<\/p>\n<p>\ud83d\udca1 F\u00fcr ein optimales Ergebnis kombiniere ihn mit einer t\u00e4glichen Pflegeroutine auf nat\u00fcrlicher Basis<\/p>\n<hr \/>\n<p><strong>\ud83c\udf31Nat\u00fcrlicher Schutz\u00a0 \u00a0 \u00a0 \u00a0 \u00a0 \u00a0 \u00a0 \u00a0 \u00a0 \u00a0 \u00a0 \u00a0 \u00a0 <\/strong><\/p>\n<p>\ud83e\udd0d <strong>Sanft zur Haut\u00a0 \u00a0 \u00a0 \u00a0 \u00a0 \u00a0 \u00a0 \u00a0<\/strong><\/p>\n<p>\ud83d\udca7 <strong>Feuchtigkeitsspendend\u00a0 \u00a0 \u00a0 \u00a0 \u00a0 \u00a0 \u00a0 \u00a0 \u00a0 \u00a0 \u00a0 \u00a0 \u00a0 \u00a0 \u00a0 \u00a0 \u00a0 \u00a0 \u00a0 \u00a0 \u00a0 \u00a0 \u00a0 <\/strong><\/p>\n<p><strong>\u23f3 24 Stunden Wirksamkeit<\/strong><\/p>\n<p>\ud83d\udeab <strong>Ohne Alkohol und Aluminiumsalze\u00a0 \u00a0 \u00a0 \u00a0 \u00a0<\/strong><\/p>\n<p>\ud83c\udf43 <strong>Mit nat\u00fcrlichen \u00e4therischen \u00d6len<\/strong><\/p>\n<p>&nbsp;<\/p>","protected":false},"excerpt":{"rendered":"<p><strong>Deo-Roll-On Sensitive. Nat\u00fcrlicher und sanfter Schutz f\u00fcr deine Haut.\ud83c\udf3f<\/strong><\/p>\n<p>Nat\u00fcrlicher und sanfter Schutz \u2728<\/p>\n<p>Mit Chitosan, Zink PCA und Kokos\u00f6l neutralisiert unser Deo-Roll-On Sensitive unangenehme Ger\u00fcche, ohne die nat\u00fcrliche Transpiration zu blockieren. Frische und Komfort jeden Tag, auch f\u00fcr empfindliche Haut \ud83d\udc9a<\/p>","protected":false},"featured_media":13716,"template":"","meta":{"_uag_custom_page_level_css":"","site-sidebar-layout":"default","site-content-layout":"default","ast-site-content-layout":"default","site-content-style":"default","site-sidebar-style":"default","ast-global-header-display":"","ast-banner-title-visibility":"","ast-main-header-display":"","ast-hfb-above-header-display":"","ast-hfb-below-header-display":"","ast-hfb-mobile-header-display":"","site-post-title":"","ast-breadcrumbs-content":"","ast-featured-img":"","footer-sml-layout":"","ast-disable-related-posts":"","theme-transparent-header-meta":"default","adv-header-id-meta":"","stick-header-meta":"default","header-above-stick-meta":"","header-main-stick-meta":"","header-below-stick-meta":"","astra-migrate-meta-layouts":"set","ast-page-background-enabled":"default","ast-page-background-meta":{"desktop":{"background-color":"var(--ast-global-color-4)","background-image":"","background-repeat":"repeat","background-position":"center center","background-size":"auto","background-attachment":"scroll","background-type":"","background-media":"","overlay-type":"","overlay-color":"","overlay-opacity":"","overlay-gradient":""},"tablet":{"background-color":"","background-image":"","background-repeat":"repeat","background-position":"center center","background-size":"auto","background-attachment":"scroll","background-type":"","background-media":"","overlay-type":"","overlay-color":"","overlay-opacity":"","overlay-gradient":""},"mobile":{"background-color":"","background-image":"","background-repeat":"repeat","background-position":"center center","background-size":"auto","background-attachment":"scroll","background-type":"","background-media":"","overlay-type":"","overlay-color":"","overlay-opacity":"","overlay-gradient":""}},"ast-content-background-meta":{"desktop":{"background-color":"var(--ast-global-color-5)","background-image":"","background-repeat":"repeat","background-position":"center center","background-size":"auto","background-attachment":"scroll","background-type":"","background-media":"","overlay-type":"","overlay-color":"","overlay-opacity":"","overlay-gradient":""},"tablet":{"background-color":"var(--ast-global-color-5)","background-image":"","background-repeat":"repeat","background-position":"center center","background-size":"auto","background-attachment":"scroll","background-type":"","background-media":"","overlay-type":"","overlay-color":"","overlay-opacity":"","overlay-gradient":""},"mobile":{"background-color":"var(--ast-global-color-5)","background-image":"","background-repeat":"repeat","background-position":"center center","background-size":"auto","background-attachment":"scroll","background-type":"","background-media":"","overlay-type":"","overlay-color":"","overlay-opacity":"","overlay-gradient":""}}},"product_brand":[],"product_cat":[538],"product_tag":[49],"class_list":{"0":"post-34","1":"product","2":"type-product","3":"status-publish","4":"has-post-thumbnail","6":"product_cat-cosmetics","7":"product_tag-beauty","8":"desktop-align-left","9":"tablet-align-left","10":"mobile-align-left","11":"ast-product-gallery-layout-first-image-large","12":"ast-magnify-disabled","13":"ast-product-tabs-layout-horizontal","15":"first","16":"outofstock","17":"taxable","18":"shipping-taxable","19":"purchasable","20":"product-type-simple"},"supplier_id":null,"supplier_sku":"","barcode":null,"atum_controlled":true,"out_stock_date":"2025-08-24 18:41:31","out_stock_threshold":null,"inheritable":false,"inbound_stock":null,"stock_on_hold":0,"sold_today":0,"sales_last_days":0,"reserved_stock":null,"customer_returns":null,"warehouse_damage":null,"lost_in_post":null,"other_logs":null,"out_stock_days":252,"lost_sales":0,"has_location":false,"update_date":"2026-05-04T01:25:18","atum_locations":[],"atum_stock_status":"outofstock","restock_status":false,"low_stock_amount":"","sales_update_date":"2026-05-04T01:25:18","calc_backorders":null,"uagb_featured_image_src":{"full":["http:\/\/www.sanacos.ch\/wp-content\/uploads\/2026\/04\/BOX-FIALA-APERTO-1.png",1080,1350,false],"thumbnail":["http:\/\/www.sanacos.ch\/wp-content\/uploads\/2026\/04\/BOX-FIALA-APERTO-1-500x500.png",500,500,true],"medium":["http:\/\/www.sanacos.ch\/wp-content\/uploads\/2026\/04\/BOX-FIALA-APERTO-1.png",1080,1350,false],"medium_large":["http:\/\/www.sanacos.ch\/wp-content\/uploads\/2026\/04\/BOX-FIALA-APERTO-1-768x960.png",768,960,true],"large":["http:\/\/www.sanacos.ch\/wp-content\/uploads\/2026\/04\/BOX-FIALA-APERTO-1.png",1080,1350,false],"1536x1536":["http:\/\/www.sanacos.ch\/wp-content\/uploads\/2026\/04\/BOX-FIALA-APERTO-1.png",1080,1350,false],"2048x2048":["http:\/\/www.sanacos.ch\/wp-content\/uploads\/2026\/04\/BOX-FIALA-APERTO-1.png",1080,1350,false],"trp-custom-language-flag":["http:\/\/www.sanacos.ch\/wp-content\/uploads\/2026\/04\/BOX-FIALA-APERTO-1-10x12.png",10,12,true],"woocommerce_thumbnail":["http:\/\/www.sanacos.ch\/wp-content\/uploads\/2026\/04\/BOX-FIALA-APERTO-1-300x300.png",300,300,true],"woocommerce_single":["http:\/\/www.sanacos.ch\/wp-content\/uploads\/2026\/04\/BOX-FIALA-APERTO-1-600x750.png",600,750,true],"woocommerce_gallery_thumbnail":["http:\/\/www.sanacos.ch\/wp-content\/uploads\/2026\/04\/BOX-FIALA-APERTO-1-100x100.png",100,100,true],"dgwt-wcas-product-suggestion":["http:\/\/www.sanacos.ch\/wp-content\/uploads\/2026\/04\/BOX-FIALA-APERTO-1-64x80.png",64,80,true]},"uagb_author_info":{"display_name":"lapala","author_link":"http:\/\/www.sanacos.ch\/de\/author\/"},"uagb_comment_info":0,"uagb_excerpt":"Deo-Roll-On Sensitive. Protezione naturale e delicata per la tua pelle. \ud83c\udf3f Protezione naturale e delicata \u2728 Con chitosano, zinco PCA e olio di cocco, il nostro Deo-Roll-On Sensitive neutralizza i cattivi odori senza bloccare la traspirazione. Freschezza e comfort ogni giorno, anche per pelli sensibili \ud83d\udc9a","_links":{"self":[{"href":"http:\/\/www.sanacos.ch\/de\/wp-json\/wp\/v2\/product\/34","targetHints":{"allow":["GET"]}}],"collection":[{"href":"http:\/\/www.sanacos.ch\/de\/wp-json\/wp\/v2\/product"}],"about":[{"href":"http:\/\/www.sanacos.ch\/de\/wp-json\/wp\/v2\/types\/product"}],"wp:featuredmedia":[{"embeddable":true,"href":"http:\/\/www.sanacos.ch\/de\/wp-json\/wp\/v2\/media\/13716"}],"wp:attachment":[{"href":"http:\/\/www.sanacos.ch\/de\/wp-json\/wp\/v2\/media?parent=34"}],"wp:term":[{"taxonomy":"product_brand","embeddable":true,"href":"http:\/\/www.sanacos.ch\/de\/wp-json\/wp\/v2\/product_brand?post=34"},{"taxonomy":"product_cat","embeddable":true,"href":"http:\/\/www.sanacos.ch\/de\/wp-json\/wp\/v2\/product_cat?post=34"},{"taxonomy":"product_tag","embeddable":true,"href":"http:\/\/www.sanacos.ch\/de\/wp-json\/wp\/v2\/product_tag?post=34"}],"curies":[{"name":"wp","href":"https:\/\/api.w.org\/{rel}","templated":true}]}}